{"id":64392,"date":"2025-10-31T20:13:34","date_gmt":"2025-10-31T20:13:34","guid":{"rendered":"https:\/\/pseto.eu\/product\/trening-povodac\/"},"modified":"2025-10-31T20:13:34","modified_gmt":"2025-10-31T20:13:34","slug":"trening-povodac","status":"publish","type":"product","link":"https:\/\/pseto.eu\/hr\/proizvod\/trening-povodac\/","title":{"rendered":"Trening Povodac"},"content":{"rendered":"<p data-start=\"142\" data-end=\"359\">Do\u017eivite potpunu kontrolu, udobnost i vrhunsku izradu s na\u0161im ru\u010dno izra\u0111enim pamu\u010dnim trening povodcem. Pa\u017eljivo izra\u0111en ru\u010dno u Hrvatskoj, svaki povodac odra\u017eava iznimnu pa\u017enju prema detaljima i duboku predanost kvaliteti.<\/p>\n<p data-start=\"361\" data-end=\"703\">Tkan od 100% prirodnog pamuka, ovaj povodac pru\u017ea mekan i udoban hvat, a pritom zadr\u017eava snagu i izdr\u017eljivost potrebnu za u\u010dinkovite i usredoto\u010dene treninge. Njegova prozra\u010dna, ekolo\u0161ki prihvatljiva vlakna nje\u017ena su prema va\u0161im rukama i ko\u017ei va\u0161eg psa \u2014 savr\u0161ena za svakodnevnu upotrebu i za one koji cijene prirodne, odr\u017eive materijale.<\/p>\n<p data-start=\"705\" data-end=\"966\">Dizajniran za trening, ali i za svakodnevne \u0161etnje, ovaj povodac svojim bezvremenskim izgledom i promi\u0161ljenim dizajnom osigurava pouzdane performanse bez kompromisa u stilu. Stvoren da vodi, izra\u0111en da traje \u2014 ovaj povodac vi\u0161e je od trening alata; to je veza oblikovana s pa\u017enjom i ljubavlju.<\/p>\n","protected":false},"excerpt":{"rendered":"<p>Do\u017eivite potpunu kontrolu, udobnost i vrhunsku izradu s na\u0161im ru\u010dno izra\u0111enim pamu\u010dnim trening povodcem. Pa\u017eljivo izra\u0111en ru\u010dno u Hrvatskoj, svaki povodac odra\u017eava iznimnu pa\u017enju prema detaljima i duboku predanost kvaliteti.<\/p>\n","protected":false},"featured_media":63578,"comment_status":"open","ping_status":"closed","template":"","meta":[],"product_brand":[],"product_cat":[260,253],"product_tag":[],"class_list":{"0":"post-64392","1":"product","2":"type-product","3":"status-publish","4":"has-post-thumbnail","6":"product_cat-pseci-povodci","7":"product_cat-trening-povodac","10":"first","11":"instock","12":"shipping-taxable","13":"purchasable","14":"product-type-variable"},"composite_virtual":false,"composite_layout":"","composite_add_to_cart_form_location":"","composite_editable_in_cart":false,"composite_sold_individually_context":"","composite_shop_price_calc":"","composite_components":[],"composite_scenarios":[],"_links":{"self":[{"href":"https:\/\/pseto.eu\/hr\/wp-json\/wp\/v2\/product\/64392","targetHints":{"allow":["GET"]}}],"collection":[{"href":"https:\/\/pseto.eu\/hr\/wp-json\/wp\/v2\/product"}],"about":[{"href":"https:\/\/pseto.eu\/hr\/wp-json\/wp\/v2\/types\/product"}],"replies":[{"embeddable":true,"href":"https:\/\/pseto.eu\/hr\/wp-json\/wp\/v2\/comments?post=64392"}],"wp:featuredmedia":[{"embeddable":true,"href":"https:\/\/pseto.eu\/hr\/wp-json\/wp\/v2\/media\/63578"}],"wp:attachment":[{"href":"https:\/\/pseto.eu\/hr\/wp-json\/wp\/v2\/media?parent=64392"}],"wp:term":[{"taxonomy":"product_brand","embeddable":true,"href":"https:\/\/pseto.eu\/hr\/wp-json\/wp\/v2\/product_brand?post=64392"},{"taxonomy":"product_cat","embeddable":true,"href":"https:\/\/pseto.eu\/hr\/wp-json\/wp\/v2\/product_cat?post=64392"},{"taxonomy":"product_tag","embeddable":true,"href":"https:\/\/pseto.eu\/hr\/wp-json\/wp\/v2\/product_tag?post=64392"}],"curies":[{"name":"wp","href":"https:\/\/api.w.org\/{rel}","templated":true}]}}