{"id":63809,"date":"2025-10-29T07:22:12","date_gmt":"2025-10-29T07:22:12","guid":{"rendered":"https:\/\/pseto.eu\/product\/standardni-povodac-sa-zaba-kopcom\/"},"modified":"2025-10-31T18:16:55","modified_gmt":"2025-10-31T18:16:55","slug":"standardni-povodac-sa-zaba-kopcom","status":"publish","type":"product","link":"https:\/\/pseto.eu\/hr\/proizvod\/standardni-povodac-sa-zaba-kopcom\/","title":{"rendered":"Standardni povodac sa \u017eaba kop\u010dom"},"content":{"rendered":"<p data-start=\"191\" data-end=\"405\">Do\u017eivite savr\u0161en spoj stila, udobnosti i izdr\u017eljivosti s na\u0161im ru\u010dno izra\u0111enim pamu\u010dnim povodcem za pse. Svaki je komad pa\u017eljivo izra\u0111en ru\u010dno u Hrvatskoj, uz iznimnu kvalitetu i posve\u0107enost svakom detalju. <\/p>\n<p data-start=\"407\" data-end=\"694\">Ispleten od 100 % prirodnog pamuka, ovaj povodac je mekan i ugodan na dodir, a istovremeno dovoljno \u010dvrst za svakodnevne avanture. Njegova prozra\u010dna i ekolo\u0161ki prihvatljiva vlakna \u010dine ga idealnim za pse s osjetljivom ko\u017eom, kao i za vlasnike koji cijene prirodne materijale i odr\u017eivu izradu. <\/p>\n<p data-start=\"696\" data-end=\"972\">Svojim bezvremenskim dizajnom i profinjenom jednostavno\u0161\u0107u, ovaj povodac podi\u017ee svaki izlazak u \u0161etnju \u2014 bilo da istra\u017eujete grad ili prirodu. Izra\u0111en da traje, s posebnom pa\u017enjom i ljubavlju, on je vi\u0161e od obi\u010dnog povodca \u2014 simbol je kvalitete i povezanosti. <\/p>\n","protected":false},"excerpt":{"rendered":"<p data-start=\"191\" data-end=\"405\">Do\u017eivite savr\u0161en spoj stila, udobnosti i izdr\u017eljivosti s na\u0161im ru\u010dno izra\u0111enim pamu\u010dnim povodcem za pse. Svaki je komad pa\u017eljivo izra\u0111en ru\u010dno u Hrvatskoj, uz iznimnu kvalitetu i posve\u0107enost svakom detalju. <\/p>\n","protected":false},"featured_media":63572,"comment_status":"open","ping_status":"closed","template":"","meta":[],"product_brand":[],"product_cat":[260,256],"product_tag":[],"class_list":{"0":"post-63809","1":"product","2":"type-product","3":"status-publish","4":"has-post-thumbnail","6":"product_cat-pseci-povodci","7":"product_cat-standardni-povodac","10":"first","11":"instock","12":"shipping-taxable","13":"purchasable","14":"product-type-variable"},"composite_virtual":false,"composite_layout":"","composite_add_to_cart_form_location":"","composite_editable_in_cart":false,"composite_sold_individually_context":"","composite_shop_price_calc":"","composite_components":[],"composite_scenarios":[],"_links":{"self":[{"href":"https:\/\/pseto.eu\/hr\/wp-json\/wp\/v2\/product\/63809","targetHints":{"allow":["GET"]}}],"collection":[{"href":"https:\/\/pseto.eu\/hr\/wp-json\/wp\/v2\/product"}],"about":[{"href":"https:\/\/pseto.eu\/hr\/wp-json\/wp\/v2\/types\/product"}],"replies":[{"embeddable":true,"href":"https:\/\/pseto.eu\/hr\/wp-json\/wp\/v2\/comments?post=63809"}],"wp:featuredmedia":[{"embeddable":true,"href":"https:\/\/pseto.eu\/hr\/wp-json\/wp\/v2\/media\/63572"}],"wp:attachment":[{"href":"https:\/\/pseto.eu\/hr\/wp-json\/wp\/v2\/media?parent=63809"}],"wp:term":[{"taxonomy":"product_brand","embeddable":true,"href":"https:\/\/pseto.eu\/hr\/wp-json\/wp\/v2\/product_brand?post=63809"},{"taxonomy":"product_cat","embeddable":true,"href":"https:\/\/pseto.eu\/hr\/wp-json\/wp\/v2\/product_cat?post=63809"},{"taxonomy":"product_tag","embeddable":true,"href":"https:\/\/pseto.eu\/hr\/wp-json\/wp\/v2\/product_tag?post=63809"}],"curies":[{"name":"wp","href":"https:\/\/api.w.org\/{rel}","templated":true}]}}