{"id":63796,"date":"2025-10-29T08:02:38","date_gmt":"2025-10-29T08:02:38","guid":{"rendered":"https:\/\/pseto.eu\/product\/dupli-povodac\/"},"modified":"2025-10-31T18:17:32","modified_gmt":"2025-10-31T18:17:32","slug":"dupli-povodac","status":"publish","type":"product","link":"https:\/\/pseto.eu\/hr\/proizvod\/dupli-povodac\/","title":{"rendered":"Dupli povodac"},"content":{"rendered":"<p data-start=\"258\" data-end=\"500\">Do\u017eivite savr\u0161enu ravnote\u017eu slobode i kontrole s na\u0161im ru\u010dno izra\u0111enim povodcem za dva psa. Namijenjen onima koji \u0161e\u0107u s dva psa istodobno, pru\u017ea jednostavno rukovanje, udobnost i bezvremenski stil \u2014 sve u jednom pomno izra\u0111enom proizvodu. <\/p>\n<p data-start=\"502\" data-end=\"748\">Ru\u010dno izra\u0111en u Hrvatskoj od 100 % prirodnog pamuka, ovaj povodac za dva psa mekan je na dodir, a pritom iznimno \u010dvrst i izdr\u017eljiv. Prozra\u010dna, ekolo\u0161ki prihvatljiva vlakna nje\u017ena su prema va\u0161im rukama i ko\u017ei va\u0161ih pasa, \u010dine\u0107i svaku \u0161etnju ugodnom i opu\u0161tenom.<\/p>\n<p> <\/p>\n<p data-start=\"750\" data-end=\"1010\">Njegov dizajn s dvostrukim kop\u010dama omogu\u0107uje da se oba psa kre\u0107u udobno, dok su istovremeno sigurno povezana s vama. Bilo da \u0161etate gradom, obalom ili \u0161umskim stazama, ovaj dvostruki povodac uskla\u0111uje svaki korak \u2014 elegantan, prakti\u010dan i pouzdan. <\/p>\n<p data-start=\"1012\" data-end=\"1182\">S profinjenom jednostavno\u0161\u0107u i trajnom kvalitetom, ovaj povodac za dva psa vi\u0161e je od pukog alata \u2014 on je izraz ravnote\u017ee, umije\u0107a izrade i povezanosti izme\u0111u vas i va\u0161ih pasa.<\/p>\n","protected":false},"excerpt":{"rendered":"<p data-start=\"258\" data-end=\"500\">Do\u017eivite savr\u0161enu ravnote\u017eu slobode i kontrole s na\u0161im ru\u010dno izra\u0111enim povodcem za dva psa. Namijenjen onima koji \u0161e\u0107u s dva psa istodobno, pru\u017ea jednostavno rukovanje, udobnost i bezvremenski stil \u2014 sve u jednom pomno izra\u0111enom proizvodu. <\/p>\n<p data-start=\"1012\" data-end=\"1182\">\n","protected":false},"featured_media":63564,"comment_status":"open","ping_status":"closed","template":"","meta":[],"product_brand":[],"product_cat":[189,260],"product_tag":[],"class_list":{"0":"post-63796","1":"product","2":"type-product","3":"status-publish","4":"has-post-thumbnail","6":"product_cat-dupli-povodac","7":"product_cat-pseci-povodci","10":"first","11":"instock","12":"shipping-taxable","13":"purchasable","14":"product-type-variable"},"composite_virtual":false,"composite_layout":"","composite_add_to_cart_form_location":"","composite_editable_in_cart":false,"composite_sold_individually_context":"","composite_shop_price_calc":"","composite_components":[],"composite_scenarios":[],"_links":{"self":[{"href":"https:\/\/pseto.eu\/hr\/wp-json\/wp\/v2\/product\/63796","targetHints":{"allow":["GET"]}}],"collection":[{"href":"https:\/\/pseto.eu\/hr\/wp-json\/wp\/v2\/product"}],"about":[{"href":"https:\/\/pseto.eu\/hr\/wp-json\/wp\/v2\/types\/product"}],"replies":[{"embeddable":true,"href":"https:\/\/pseto.eu\/hr\/wp-json\/wp\/v2\/comments?post=63796"}],"wp:featuredmedia":[{"embeddable":true,"href":"https:\/\/pseto.eu\/hr\/wp-json\/wp\/v2\/media\/63564"}],"wp:attachment":[{"href":"https:\/\/pseto.eu\/hr\/wp-json\/wp\/v2\/media?parent=63796"}],"wp:term":[{"taxonomy":"product_brand","embeddable":true,"href":"https:\/\/pseto.eu\/hr\/wp-json\/wp\/v2\/product_brand?post=63796"},{"taxonomy":"product_cat","embeddable":true,"href":"https:\/\/pseto.eu\/hr\/wp-json\/wp\/v2\/product_cat?post=63796"},{"taxonomy":"product_tag","embeddable":true,"href":"https:\/\/pseto.eu\/hr\/wp-json\/wp\/v2\/product_tag?post=63796"}],"curies":[{"name":"wp","href":"https:\/\/api.w.org\/{rel}","templated":true}]}}