{"id":63106,"date":"2025-10-17T14:17:26","date_gmt":"2025-10-17T14:17:26","guid":{"rendered":"https:\/\/pseto.eu\/radionice-i-seminari\/"},"modified":"2025-10-22T13:10:31","modified_gmt":"2025-10-22T13:10:31","slug":"radionice-i-seminari","status":"publish","type":"page","link":"https:\/\/pseto.eu\/hr\/radionice-i-seminari\/","title":{"rendered":"Radionice i seminari"},"content":{"rendered":"\t\t<div data-elementor-type=\"wp-page\" data-elementor-id=\"63106\" class=\"elementor elementor-63106 elementor-62266\" data-elementor-post-type=\"page\">\n\t\t\t\t<div class=\"elementor-element elementor-element-3d7a3bc1 e-flex e-con-boxed e-con e-parent\" data-id=\"3d7a3bc1\" data-element_type=\"container\" data-e-type=\"container\" data-settings=\"{&quot;background_background&quot;:&quot;classic&quot;,&quot;shape_divider_top&quot;:&quot;waves&quot;,&quot;shape_divider_bottom&quot;:&quot;waves&quot;,&quot;ekit_has_onepagescroll_dot&quot;:&quot;yes&quot;}\">\n\t\t\t\t\t<div class=\"e-con-inner\">\n\t\t\t\t<div class=\"elementor-shape elementor-shape-top\" aria-hidden=\"true\" data-negative=\"false\">\n\t\t\t<svg xmlns=\"http:\/\/www.w3.org\/2000\/svg\" viewBox=\"0 0 1000 100\" preserveAspectRatio=\"none\">\n\t<path class=\"elementor-shape-fill\" d=\"M421.9,6.5c22.6-2.5,51.5,0.4,75.5,5.3c23.6,4.9,70.9,23.5,100.5,35.7c75.8,32.2,133.7,44.5,192.6,49.7\n\tc23.6,2.1,48.7,3.5,103.4-2.5c54.7-6,106.2-25.6,106.2-25.6V0H0v30.3c0,0,72,32.6,158.4,30.5c39.2-0.7,92.8-6.7,134-22.4\n\tc21.2-8.1,52.2-18.2,79.7-24.2C399.3,7.9,411.6,7.5,421.9,6.5z\"\/>\n<\/svg>\t\t<\/div>\n\t\t\t\t<div class=\"elementor-shape elementor-shape-bottom\" aria-hidden=\"true\" data-negative=\"false\">\n\t\t\t<svg xmlns=\"http:\/\/www.w3.org\/2000\/svg\" viewBox=\"0 0 1000 100\" preserveAspectRatio=\"none\">\n\t<path class=\"elementor-shape-fill\" d=\"M421.9,6.5c22.6-2.5,51.5,0.4,75.5,5.3c23.6,4.9,70.9,23.5,100.5,35.7c75.8,32.2,133.7,44.5,192.6,49.7\n\tc23.6,2.1,48.7,3.5,103.4-2.5c54.7-6,106.2-25.6,106.2-25.6V0H0v30.3c0,0,72,32.6,158.4,30.5c39.2-0.7,92.8-6.7,134-22.4\n\tc21.2-8.1,52.2-18.2,79.7-24.2C399.3,7.9,411.6,7.5,421.9,6.5z\"\/>\n<\/svg>\t\t<\/div>\n\t\t\t\t<div class=\"elementor-element elementor-element-573a697f elementor-widget elementor-widget-elementskit-heading\" data-id=\"573a697f\" data-element_type=\"widget\" data-e-type=\"widget\" data-settings=\"{&quot;ekit_we_effect_on&quot;:&quot;none&quot;}\" data-widget_type=\"elementskit-heading.default\">\n\t\t\t\t\t<div class=\"ekit-wid-con\" ><div class=\"ekit-heading elementskit-section-title-wraper text_center   ekit_heading_tablet-   ekit_heading_mobile-\"><h2 class=\"ekit-heading--title elementskit-section-title \">Pro\u0161le radionice i seminari<\/h2><h3 class=\"ekit-heading--subtitle elementskit-section-subtitle  \">\n\t\t\t\t\t\tPratite na\u0161e putovanje i rastite zajedno s nama\n\t\t\t\t\t<\/h3><\/div><\/div>\t\t\t\t<\/div>\n\t\t\t\t<div class=\"elementor-element elementor-element-7f1f4e60 elementskit-pagination-center elementor-widget elementor-widget-elementskit-blog-posts\" data-id=\"7f1f4e60\" data-element_type=\"widget\" data-e-type=\"widget\" data-settings=\"{&quot;ekit_we_effect_on&quot;:&quot;none&quot;}\" data-widget_type=\"elementskit-blog-posts.default\">\n\t\t\t\t\t<div class=\"ekit-wid-con\" >\n        <div id=\"post-items--7f1f4e60\" class=\"row post-items ekit-blog-posts-content wihout-masonry carousel-enabled\" data-enable=\"yes\">\n\n\t\t\t<!-- Blog Carousel markup render -->\n\t\t\t\t\t\t\t<div class=\"ekit-main-swiper swiper blogCarousel\" data-settings=\"{&quot;direction&quot;:&quot;ltr&quot;,&quot;spaceBetween&quot;:30,&quot;slidesPerView&quot;:3,&quot;slidesPerGroup&quot;:1,&quot;navigation&quot;:false,&quot;pagination&quot;:true,&quot;speed&quot;:1000,&quot;autoplay&quot;:true,&quot;autoplayDelay&quot;:2000,&quot;pauseOnHover&quot;:true,&quot;breakPoints&quot;:{&quot;360&quot;:{&quot;slidesPerView&quot;:1,&quot;slidesPerGroup&quot;:1},&quot;767&quot;:{&quot;slidesPerView&quot;:2,&quot;slidesPerGroup&quot;:1},&quot;1024&quot;:{&quot;slidesPerView&quot;:3,&quot;slidesPerGroup&quot;:1},&quot;1400&quot;:{&quot;slidesPerView&quot;:3,&quot;slidesPerGroup&quot;:1}}}\">\n\t\t\t\t\t<div class=\"swiper-wrapper\">\n\t\t\t\n\n            <div class=\"swiper-slide\">\n\n                                    <div class=\"elementskit-post-image-card\">\n                        <div class=\"elementskit-entry-header\">\n                                                            <a href=\"https:\/\/pseto.eu\/hr\/2025\/10\/20\/i-want-an-easier-life-with-my-dog\/\" class=\"elementskit-entry-thumb\">\n                                    <img decoding=\"async\" src=\"https:\/\/pseto.eu\/wp-content\/uploads\/2025\/10\/fafaf.png\" alt=\"\u017delim jednostavniji \u017eivot sa svojim psom\">\n                                <\/a><!-- .elementskit-entry-thumb END -->\n                                                            \n                            \n                                                    <\/div><!-- .elementskit-entry-header END -->\n\n                        <div class=\"elementskit-post-body \">\n                            \t\t\t\t\t\t\t\t\t\t                <h2 class=\"entry-title\">\n                    <a href=\"https:\/\/pseto.eu\/hr\/2025\/10\/20\/i-want-an-easier-life-with-my-dog\/\">\n                            \u017delim jednostavniji \u017eivot sa svojim psom                    <\/a>\n                <\/h2>\n                                                        \n                                                                                                                <div class=\"post-meta-list\">\n                                                                        <span class=\"meta-author\">\n                                                                    <span class=\"author-img\">\n                                        <img alt='' src='https:\/\/secure.gravatar.com\/avatar\/e084498c4bc7771e9e0af0b71bf5bb436e698b984ef429c51bb7ec65cf94019d?s=96&#038;d=mm&#038;r=g' srcset='https:\/\/secure.gravatar.com\/avatar\/e084498c4bc7771e9e0af0b71bf5bb436e698b984ef429c51bb7ec65cf94019d?s=192&#038;d=mm&#038;r=g 2x' class='avatar avatar-96 photo' height='96' width='96' \/>                                    <\/span>\n                                                                <a href=\"https:\/\/pseto.eu\/hr\/author\/solutio\/\" class=\"author-name\">solutio<\/a>\n                            <\/span>\n                                                                                                                                                                                                <span class=\"meta-date\">\n\n                                <svg aria-hidden=\"true\" class=\"e-font-icon-svg e-far-calendar-alt\" viewBox=\"0 0 448 512\" xmlns=\"http:\/\/www.w3.org\/2000\/svg\"><path d=\"M148 288h-40c-6.6 0-12-5.4-12-12v-40c0-6.6 5.4-12 12-12h40c6.6 0 12 5.4 12 12v40c0 6.6-5.4 12-12 12zm108-12v-40c0-6.6-5.4-12-12-12h-40c-6.6 0-12 5.4-12 12v40c0 6.6 5.4 12 12 12h40c6.6 0 12-5.4 12-12zm96 0v-40c0-6.6-5.4-12-12-12h-40c-6.6 0-12 5.4-12 12v40c0 6.6 5.4 12 12 12h40c6.6 0 12-5.4 12-12zm-96 96v-40c0-6.6-5.4-12-12-12h-40c-6.6 0-12 5.4-12 12v40c0 6.6 5.4 12 12 12h40c6.6 0 12-5.4 12-12zm-96 0v-40c0-6.6-5.4-12-12-12h-40c-6.6 0-12 5.4-12 12v40c0 6.6 5.4 12 12 12h40c6.6 0 12-5.4 12-12zm192 0v-40c0-6.6-5.4-12-12-12h-40c-6.6 0-12 5.4-12 12v40c0 6.6 5.4 12 12 12h40c6.6 0 12-5.4 12-12zm96-260v352c0 26.5-21.5 48-48 48H48c-26.5 0-48-21.5-48-48V112c0-26.5 21.5-48 48-48h48V12c0-6.6 5.4-12 12-12h40c6.6 0 12 5.4 12 12v52h128V12c0-6.6 5.4-12 12-12h40c6.6 0 12 5.4 12 12v52h48c26.5 0 48 21.5 48 48zm-48 346V160H48v298c0 3.3 2.7 6 6 6h340c3.3 0 6-2.7 6-6z\"><\/path><\/svg>\n                                <span class=\"meta-date-text\">\n                                    listopad 20, 2025                                <\/span>\n                            <\/span>\n                                                                                                            <\/div>\n                                                                        \n                                        \n                                                                                                                                                                            <p>Pridru\u017eite se na\u0161em te\u010daju \u017delim jednostavniji \u017eivot sa svojim psom i nau\u010dite kako postati pravi tim u svakodnevnim situacijama! \ud83d\udc36 MOJ PAS NE SLU\u0160A \u2013 \u0160TO SADA? MODUL 2 \u2013 Fokus, distrakcije i samopouzdanje \ud83d\udcc5 Subota, 28. lipnja 2025.TEORIJSKA SESIJA (Trajanje: 2h + 1h pitanja i odgovori) \ud83d\udd39 Za\u0161to moj pas ne slu\u0161a u stvarnom [&hellip;] <\/p>\n                                                                                                                                                <\/div><!-- .elementskit-post-body END -->\n                    <\/div>\n                \n            <\/div>\t\t\t\t\n\n            <div class=\"swiper-slide\">\n\n                                    <div class=\"elementskit-post-image-card\">\n                        <div class=\"elementskit-entry-header\">\n                                                            <a href=\"https:\/\/pseto.eu\/hr\/2025\/01\/12\/dog-me-course\/\" class=\"elementskit-entry-thumb\">\n                                    <img decoding=\"async\" src=\"https:\/\/pseto.eu\/wp-content\/uploads\/2025\/01\/blog3.png\" alt=\"Te\u010daj Pas i Ja\">\n                                <\/a><!-- .elementskit-entry-thumb END -->\n                                                            \n                            \n                                                    <\/div><!-- .elementskit-entry-header END -->\n\n                        <div class=\"elementskit-post-body \">\n                            \t\t\t\t\t\t\t\t\t\t                <h2 class=\"entry-title\">\n                    <a href=\"https:\/\/pseto.eu\/hr\/2025\/01\/12\/dog-me-course\/\">\n                            Te\u010daj Pas i Ja                    <\/a>\n                <\/h2>\n                                                        \n                                                                                                                <div class=\"post-meta-list\">\n                                                                        <span class=\"meta-author\">\n                                                                    <span class=\"author-img\">\n                                        <img alt='' src='https:\/\/secure.gravatar.com\/avatar\/e084498c4bc7771e9e0af0b71bf5bb436e698b984ef429c51bb7ec65cf94019d?s=96&#038;d=mm&#038;r=g' srcset='https:\/\/secure.gravatar.com\/avatar\/e084498c4bc7771e9e0af0b71bf5bb436e698b984ef429c51bb7ec65cf94019d?s=192&#038;d=mm&#038;r=g 2x' class='avatar avatar-96 photo' height='96' width='96' \/>                                    <\/span>\n                                                                <a href=\"https:\/\/pseto.eu\/hr\/author\/solutio\/\" class=\"author-name\">solutio<\/a>\n                            <\/span>\n                                                                                                                                                                                                <span class=\"meta-date\">\n\n                                <svg aria-hidden=\"true\" class=\"e-font-icon-svg e-far-calendar-alt\" viewBox=\"0 0 448 512\" xmlns=\"http:\/\/www.w3.org\/2000\/svg\"><path d=\"M148 288h-40c-6.6 0-12-5.4-12-12v-40c0-6.6 5.4-12 12-12h40c6.6 0 12 5.4 12 12v40c0 6.6-5.4 12-12 12zm108-12v-40c0-6.6-5.4-12-12-12h-40c-6.6 0-12 5.4-12 12v40c0 6.6 5.4 12 12 12h40c6.6 0 12-5.4 12-12zm96 0v-40c0-6.6-5.4-12-12-12h-40c-6.6 0-12 5.4-12 12v40c0 6.6 5.4 12 12 12h40c6.6 0 12-5.4 12-12zm-96 96v-40c0-6.6-5.4-12-12-12h-40c-6.6 0-12 5.4-12 12v40c0 6.6 5.4 12 12 12h40c6.6 0 12-5.4 12-12zm-96 0v-40c0-6.6-5.4-12-12-12h-40c-6.6 0-12 5.4-12 12v40c0 6.6 5.4 12 12 12h40c6.6 0 12-5.4 12-12zm192 0v-40c0-6.6-5.4-12-12-12h-40c-6.6 0-12 5.4-12 12v40c0 6.6 5.4 12 12 12h40c6.6 0 12-5.4 12-12zm96-260v352c0 26.5-21.5 48-48 48H48c-26.5 0-48-21.5-48-48V112c0-26.5 21.5-48 48-48h48V12c0-6.6 5.4-12 12-12h40c6.6 0 12 5.4 12 12v52h128V12c0-6.6 5.4-12 12-12h40c6.6 0 12 5.4 12 12v52h48c26.5 0 48 21.5 48 48zm-48 346V160H48v298c0 3.3 2.7 6 6 6h340c3.3 0 6-2.7 6-6z\"><\/path><\/svg>\n                                <span class=\"meta-date-text\">\n                                    sije\u010danj 12, 2025                                <\/span>\n                            <\/span>\n                                                                                                            <\/div>\n                                                                        \n                                        \n                                                                                                                                                                                                                                                                                                                            <\/div><!-- .elementskit-post-body END -->\n                    <\/div>\n                \n            <\/div>\t\t\t\t\n\n            <div class=\"swiper-slide\">\n\n                                    <div class=\"elementskit-post-image-card\">\n                        <div class=\"elementskit-entry-header\">\n                                                            <a href=\"https:\/\/pseto.eu\/hr\/2025\/01\/08\/reactive-dog-training-course\/\" class=\"elementskit-entry-thumb\">\n                                    <img decoding=\"async\" src=\"https:\/\/pseto.eu\/wp-content\/uploads\/2025\/01\/blog1.png\" alt=\"Te\u010daj za treniranje reaktivnih pasa\">\n                                <\/a><!-- .elementskit-entry-thumb END -->\n                                                            \n                            \n                                                    <\/div><!-- .elementskit-entry-header END -->\n\n                        <div class=\"elementskit-post-body \">\n                            \t\t\t\t\t\t\t\t\t\t                <h2 class=\"entry-title\">\n                    <a href=\"https:\/\/pseto.eu\/hr\/2025\/01\/08\/reactive-dog-training-course\/\">\n                            Te\u010daj za treniranje reaktivnih pasa                    <\/a>\n                <\/h2>\n                                                        \n                                                                                                                <div class=\"post-meta-list\">\n                                                                        <span class=\"meta-author\">\n                                                                    <span class=\"author-img\">\n                                        <img alt='' src='https:\/\/secure.gravatar.com\/avatar\/e084498c4bc7771e9e0af0b71bf5bb436e698b984ef429c51bb7ec65cf94019d?s=96&#038;d=mm&#038;r=g' srcset='https:\/\/secure.gravatar.com\/avatar\/e084498c4bc7771e9e0af0b71bf5bb436e698b984ef429c51bb7ec65cf94019d?s=192&#038;d=mm&#038;r=g 2x' class='avatar avatar-96 photo' height='96' width='96' \/>                                    <\/span>\n                                                                <a href=\"https:\/\/pseto.eu\/hr\/author\/solutio\/\" class=\"author-name\">solutio<\/a>\n                            <\/span>\n                                                                                                                                                                                                <span class=\"meta-date\">\n\n                                <svg aria-hidden=\"true\" class=\"e-font-icon-svg e-far-calendar-alt\" viewBox=\"0 0 448 512\" xmlns=\"http:\/\/www.w3.org\/2000\/svg\"><path d=\"M148 288h-40c-6.6 0-12-5.4-12-12v-40c0-6.6 5.4-12 12-12h40c6.6 0 12 5.4 12 12v40c0 6.6-5.4 12-12 12zm108-12v-40c0-6.6-5.4-12-12-12h-40c-6.6 0-12 5.4-12 12v40c0 6.6 5.4 12 12 12h40c6.6 0 12-5.4 12-12zm96 0v-40c0-6.6-5.4-12-12-12h-40c-6.6 0-12 5.4-12 12v40c0 6.6 5.4 12 12 12h40c6.6 0 12-5.4 12-12zm-96 96v-40c0-6.6-5.4-12-12-12h-40c-6.6 0-12 5.4-12 12v40c0 6.6 5.4 12 12 12h40c6.6 0 12-5.4 12-12zm-96 0v-40c0-6.6-5.4-12-12-12h-40c-6.6 0-12 5.4-12 12v40c0 6.6 5.4 12 12 12h40c6.6 0 12-5.4 12-12zm192 0v-40c0-6.6-5.4-12-12-12h-40c-6.6 0-12 5.4-12 12v40c0 6.6 5.4 12 12 12h40c6.6 0 12-5.4 12-12zm96-260v352c0 26.5-21.5 48-48 48H48c-26.5 0-48-21.5-48-48V112c0-26.5 21.5-48 48-48h48V12c0-6.6 5.4-12 12-12h40c6.6 0 12 5.4 12 12v52h128V12c0-6.6 5.4-12 12-12h40c6.6 0 12 5.4 12 12v52h48c26.5 0 48 21.5 48 48zm-48 346V160H48v298c0 3.3 2.7 6 6 6h340c3.3 0 6-2.7 6-6z\"><\/path><\/svg>\n                                <span class=\"meta-date-text\">\n                                    sije\u010danj 8, 2025                                <\/span>\n                            <\/span>\n                                                                                                            <\/div>\n                                                                        \n                                        \n                                                                                                                                                                            <p>Join Our Reactive Dog Training Course! Pozivamo vas na na\u0161 Te\u010daj za reaktivne pse, posebno osmi\u0161ljen kako bi vam pomogao da vi i va\u0161 pas zajedno radite na smanjenju reaktivnosti i izgradnji sna\u017enije, smirenije veze. Na\u0161 krajnji cilj je da vi i va\u0161 krzneni prijatelj uistinu u\u017eivate u svakodnevnom \u017eivotu \u2014 bilo da se radi [&hellip;] <\/p>\n                                                                                                                                                <\/div><!-- .elementskit-post-body END -->\n                    <\/div>\n                \n            <\/div>\t\t\t\t\t\t\t\t\t<\/div >\n\t\t\t\t<\/div>\n\t\t\t\t\t\t\t\t\t\t\t\t\t<div class=\"swiper-pagination ekit-blog-carousel-pagination\"><\/div>\n\t\t\t\t\t\t\t        <\/div>\n        \n        \n        <\/div>\t\t\t\t<\/div>\n\t\t\t\t\t<\/div>\n\t\t\t\t<\/div>\n\t\t\t\t<\/div>\n\t\t","protected":false},"excerpt":{"rendered":"<p>Pro\u0161le radionice i seminari Pratite na\u0161e putovanje i rastite zajedno s nama I Want an Easier Life with My Dog solutio October 20, 2025 Join our Dog &#038; Me Course and learn how to become a true team in everyday situations! \ud83d\udc36 MY DOG DOESN\u2019T LISTEN \u2013 NOW WHAT? MODULE 2 \u2013 Focus, Distractions &amp; [&hellip;] <\/p>\n","protected":false},"author":1,"featured_media":0,"parent":0,"menu_order":0,"comment_status":"closed","ping_status":"closed","template":"","meta":{"footnotes":""},"class_list":["post-63106","page","type-page","status-publish","hentry","has-post-thumbnail"],"_hostinger_reach_plugin_has_subscription_block":false,"_hostinger_reach_plugin_is_elementor":false,"_links":{"self":[{"href":"https:\/\/pseto.eu\/hr\/wp-json\/wp\/v2\/pages\/63106","targetHints":{"allow":["GET"]}}],"collection":[{"href":"https:\/\/pseto.eu\/hr\/wp-json\/wp\/v2\/pages"}],"about":[{"href":"https:\/\/pseto.eu\/hr\/wp-json\/wp\/v2\/types\/page"}],"author":[{"embeddable":true,"href":"https:\/\/pseto.eu\/hr\/wp-json\/wp\/v2\/users\/1"}],"replies":[{"embeddable":true,"href":"https:\/\/pseto.eu\/hr\/wp-json\/wp\/v2\/comments?post=63106"}],"version-history":[{"count":2,"href":"https:\/\/pseto.eu\/hr\/wp-json\/wp\/v2\/pages\/63106\/revisions"}],"predecessor-version":[{"id":63206,"href":"https:\/\/pseto.eu\/hr\/wp-json\/wp\/v2\/pages\/63106\/revisions\/63206"}],"wp:attachment":[{"href":"https:\/\/pseto.eu\/hr\/wp-json\/wp\/v2\/media?parent=63106"}],"curies":[{"name":"wp","href":"https:\/\/api.w.org\/{rel}","templated":true}]}}